{"id":76433,"date":"2026-03-02T10:28:34","date_gmt":"2026-03-02T10:28:34","guid":{"rendered":"https:\/\/kumtelluxell.com\/?post_type=product&#038;p=76433"},"modified":"2026-03-03T11:31:26","modified_gmt":"2026-03-03T11:31:26","slug":"c9-50-btf-kumtel-90-cm-built-in-hob-black-with-purity-warranty-%d9%86%d8%b3%d8%ae%d8%a9","status":"publish","type":"product","link":"https:\/\/kumtelluxell.com\/en\/product\/c9-50-btf-kumtel-90-cm-built-in-hob-black-with-purity-warranty-%d9%86%d8%b3%d8%ae%d8%a9\/","title":{"rendered":"M9-50 BTF &#8211; 90 cm Built-In Cooktop, Kumtel Stainless Steel, with Purity Warranty"},"content":{"rendered":"<h6>External dimensions (W \u00d7 L \u00d7 H): 86 \u00d7 51 \u00d7 5<br \/>\n Internal dimensions (W \u00d7 L): 83.5*49<br \/>\n5 Burners<br \/>\nFull Safety Features<br \/>\nSelf-Ignition<br \/>\nBuilt-in Hob<br \/>\nEnamel Pan Supports<br \/>\n3-Year Warranty<br \/>\nMade in T\u00fcrkiye<\/h6>\n","protected":false},"excerpt":{"rendered":"<p>External dimensions (W \u00d7 L \u00d7 H): 86 \u00d7 51 \u00d7 5 Internal dimensions (W \u00d7 L): 83.5*49 5 Burners Full Safety Features Self-Ignition Built-in Hob Enamel Pan Supports 3-Year&hellip;<\/p>\n","protected":false},"featured_media":76450,"comment_status":"open","ping_status":"closed","template":"","meta":{"om_disable_all_campaigns":false,"_monsterinsights_skip_tracking":false,"_monsterinsights_sitenote_active":false,"_monsterinsights_sitenote_note":"","_monsterinsights_sitenote_category":0},"product_brand":[],"product_cat":[340],"product_tag":[],"class_list":{"0":"post-76433","1":"product","2":"type-product","3":"status-publish","4":"has-post-thumbnail","6":"product_cat-built-in-surfaces","8":"first","9":"instock","10":"shipping-taxable","11":"purchasable","12":"product-type-simple"},"aioseo_notices":[],"_links":{"self":[{"href":"https:\/\/kumtelluxell.com\/en\/wp-json\/wp\/v2\/product\/76433","targetHints":{"allow":["GET"]}}],"collection":[{"href":"https:\/\/kumtelluxell.com\/en\/wp-json\/wp\/v2\/product"}],"about":[{"href":"https:\/\/kumtelluxell.com\/en\/wp-json\/wp\/v2\/types\/product"}],"replies":[{"embeddable":true,"href":"https:\/\/kumtelluxell.com\/en\/wp-json\/wp\/v2\/comments?post=76433"}],"version-history":[{"count":3,"href":"https:\/\/kumtelluxell.com\/en\/wp-json\/wp\/v2\/product\/76433\/revisions"}],"predecessor-version":[{"id":76515,"href":"https:\/\/kumtelluxell.com\/en\/wp-json\/wp\/v2\/product\/76433\/revisions\/76515"}],"wp:featuredmedia":[{"embeddable":true,"href":"https:\/\/kumtelluxell.com\/en\/wp-json\/wp\/v2\/media\/76450"}],"wp:attachment":[{"href":"https:\/\/kumtelluxell.com\/en\/wp-json\/wp\/v2\/media?parent=76433"}],"wp:term":[{"taxonomy":"product_brand","embeddable":true,"href":"https:\/\/kumtelluxell.com\/en\/wp-json\/wp\/v2\/product_brand?post=76433"},{"taxonomy":"product_cat","embeddable":true,"href":"https:\/\/kumtelluxell.com\/en\/wp-json\/wp\/v2\/product_cat?post=76433"},{"taxonomy":"product_tag","embeddable":true,"href":"https:\/\/kumtelluxell.com\/en\/wp-json\/wp\/v2\/product_tag?post=76433"}],"curies":[{"name":"wp","href":"https:\/\/api.w.org\/{rel}","templated":true}]}}